{"id":382,"date":"2026-04-06T10:36:09","date_gmt":"2026-04-06T14:36:09","guid":{"rendered":"https:\/\/www.ale.com.do\/?page_id=382"},"modified":"2026-04-06T17:29:04","modified_gmt":"2026-04-06T21:29:04","slug":"investor-login","status":"publish","type":"page","link":"https:\/\/www.ale.com.do\/index.php\/investor-login\/","title":{"rendered":"The ALE Foundation"},"content":{"rendered":"\n<div class=\"wp-block-stackable-spacer stk-block-spacer stk--no-padding stk-block stk-646a0c1\" data-block-id=\"646a0c1\"><\/div>\n\n\n\n<div class=\"wp-block-stackable-heading stk-block-heading stk-block-heading--v2 stk-block stk-b438007\" id=\"strong-fundacion-alberto-y-lucy-elmufdi-strong\" data-block-id=\"b438007\"><h2 class=\"stk-block-heading__text has-text-align-center\"><strong>FUNDACI\u00d3N ALBERTO Y LUCY ELMUFDI<\/strong><\/h2><\/div>\n\n\n\n<div class=\"wp-block-stackable-columns stk-block-columns stk-block stk-1049f0e\" data-block-id=\"1049f0e\"><div class=\"stk-row stk-inner-blocks stk-block-content stk-content-align stk-1049f0e-column\">\n<div class=\"wp-block-stackable-column stk-block-column stk-column stk-block stk-0529ef5\" data-v=\"4\" data-block-id=\"0529ef5\"><style>@media screen and (min-width: 768px){.stk-0529ef5 {flex:var(--stk-flex-grow, 1) 1 calc(15% - var(--stk-column-gap, 0px) * 2 \/ 3 ) !important;}}<\/style><div class=\"stk-column-wrapper stk-block-column__content stk-container stk-0529ef5-container stk--no-background stk--no-padding\"><div class=\"stk-block-content stk-inner-blocks stk-0529ef5-inner-blocks\"><\/div><\/div><\/div>\n\n\n\n<div class=\"wp-block-stackable-column stk-block-column stk-column stk-block stk-41da748\" data-v=\"4\" data-block-id=\"41da748\"><style>@media screen and (min-width: 768px){.stk-41da748 {flex:var(--stk-flex-grow, 1) 1 calc(70% - var(--stk-column-gap, 0px) * 2 \/ 3 ) !important;}}<\/style><div class=\"stk-column-wrapper stk-block-column__content stk-container stk-41da748-container stk--no-background stk--no-padding\"><div class=\"stk-block-content stk-inner-blocks stk-41da748-inner-blocks\">\n<div class=\"wp-block-stackable-text stk-block-text stk-block stk-cc5fafd\" data-block-id=\"cc5fafd\"><style>.stk-cc5fafd .stk-block-text__text{font-size:22px !important;}@media screen and (max-width: 1023px){.stk-cc5fafd .stk-block-text__text{font-size:16px !important;}}<\/style><p class=\"stk-block-text__text has-text-align-center\">RNC: 4-30-35755-3, Ministerio P\u00fablico: 20605-19<br>Domicilio: Avenida Luper\u00f3n No. 16, Zona Industrial de Herrera<br>Santo Domingo Oeste, Rep\u00fablica Dominicana<\/p><\/div>\n<\/div><\/div><\/div>\n\n\n\n<div class=\"wp-block-stackable-column stk-block-column stk-column stk-block stk-bfd534c\" data-v=\"4\" data-block-id=\"bfd534c\"><style>@media screen and (min-width: 768px){.stk-bfd534c {flex:var(--stk-flex-grow, 1) 1 calc(15% - var(--stk-column-gap, 0px) * 2 \/ 3 ) !important;}}<\/style><div class=\"stk-column-wrapper stk-block-column__content stk-container stk-bfd534c-container stk--no-background stk--no-padding\"><div class=\"stk-block-content stk-inner-blocks stk-bfd534c-inner-blocks\"><\/div><\/div><\/div>\n<\/div><\/div>\n\n\n\n<div class=\"wp-block-stackable-image stk-block-image stk-block stk-fd53530\" data-block-id=\"fd53530\"><style>.stk-fd53530 .stk-img-wrapper{aspect-ratio:4\/3 !important;height:auto !important;}@media screen and (max-width: 1023px){.stk-fd53530 .stk-img-wrapper{height:auto !important;}}@media screen and (max-width: 767px){.stk-fd53530 .stk-img-wrapper{height:auto !important;}}<\/style><figure><span class=\"stk-img-wrapper stk-image--shape-stretch\"><img loading=\"lazy\" decoding=\"async\" class=\"stk-img wp-image-402\" src=\"https:\/\/www.ale.com.do\/wp-content\/uploads\/2026\/04\/2025_Fundacion-ALE.jpeg\" width=\"960\" height=\"1280\" srcset=\"https:\/\/www.ale.com.do\/wp-content\/uploads\/2026\/04\/2025_Fundacion-ALE.jpeg 960w, https:\/\/www.ale.com.do\/wp-content\/uploads\/2026\/04\/2025_Fundacion-ALE-225x300.jpeg 225w, https:\/\/www.ale.com.do\/wp-content\/uploads\/2026\/04\/2025_Fundacion-ALE-768x1024.jpeg 768w\" sizes=\"(max-width: 960px) 100vw, 960px\" \/><\/span><\/figure><\/div>\n\n\n\n<div class=\"wp-block-stackable-columns stk-block-columns stk-block stk-ff068a4\" data-block-id=\"ff068a4\"><style>.stk-ff068a4 {margin-bottom:0px !important;}<\/style><div class=\"stk-row stk-inner-blocks stk-block-content stk-content-align stk-ff068a4-column\">\n<div class=\"wp-block-stackable-column stk-block-column stk-column stk-block stk-f7fb893\" data-v=\"4\" data-block-id=\"f7fb893\"><style>@media screen and (min-width: 768px){.stk-f7fb893 {flex:var(--stk-flex-grow, 1) 1 calc(11.4% - var(--stk-column-gap, 0px) * 2 \/ 3 ) !important;}}<\/style><div class=\"stk-column-wrapper stk-block-column__content stk-container stk-f7fb893-container stk--no-background stk--no-padding\"><div class=\"stk-block-content stk-inner-blocks stk-f7fb893-inner-blocks\"><\/div><\/div><\/div>\n\n\n\n<div class=\"wp-block-stackable-column stk-block-column stk-column stk-block stk-dec9ad7\" data-v=\"4\" data-block-id=\"dec9ad7\"><style>@media screen and (min-width: 768px){.stk-dec9ad7 {flex:var(--stk-flex-grow, 1) 1 calc(77.5% - var(--stk-column-gap, 0px) * 2 \/ 3 ) !important;}}<\/style><div class=\"stk-column-wrapper stk-block-column__content stk-container stk-dec9ad7-container stk--no-background stk--no-padding\"><div class=\"stk-block-content stk-inner-blocks stk-dec9ad7-inner-blocks\">\n<div class=\"wp-block-stackable-text stk-block-text stk-block stk-5e29600\" data-block-id=\"5e29600\"><style>.stk-5e29600 .stk-block-text__text{font-size:22px !important;}@media screen and (max-width: 1023px){.stk-5e29600 .stk-block-text__text{font-size:16px !important;}}<\/style><p class=\"stk-block-text__text has-text-align-center\">Our mission is to fund transformational change via education, to improve the standard of living for the most impoverished citizens in the communities we work in. Our primary focus areas are education and children\u2019s health.<\/p><\/div>\n<\/div><\/div><\/div>\n\n\n\n<div class=\"wp-block-stackable-column stk-block-column stk-column stk-block stk-da48a50\" data-v=\"4\" data-block-id=\"da48a50\"><style>@media screen and (min-width: 768px){.stk-da48a50 {flex:var(--stk-flex-grow, 1) 1 calc(11.099999999999994% - var(--stk-column-gap, 0px) * 2 \/ 3 ) !important;}}<\/style><div class=\"stk-column-wrapper stk-block-column__content stk-container stk-da48a50-container stk--no-background stk--no-padding\"><div class=\"stk-block-content stk-inner-blocks stk-da48a50-inner-blocks\"><\/div><\/div><\/div>\n<\/div><\/div>\n\n\n\n<div class=\"wp-block-stackable-columns stk-block-columns stk-block stk-284e644\" data-block-id=\"284e644\"><div class=\"stk-row stk-inner-blocks stk-block-content stk-content-align stk-284e644-column\">\n<div class=\"wp-block-stackable-column stk-block-column stk-column stk-block stk-38ccd1d\" data-v=\"4\" data-block-id=\"38ccd1d\"><style>@media screen and (min-width: 768px){.stk-38ccd1d {flex:var(--stk-flex-grow, 1) 1 calc(10% - var(--stk-column-gap, 0px) * 2 \/ 3 ) !important;}}<\/style><div class=\"stk-column-wrapper stk-block-column__content stk-container stk-38ccd1d-container stk--no-background stk--no-padding\"><div class=\"stk-block-content stk-inner-blocks stk-38ccd1d-inner-blocks\"><\/div><\/div><\/div>\n\n\n\n<div class=\"wp-block-stackable-column stk-block-column stk-column stk-block stk-801c172\" data-v=\"4\" data-block-id=\"801c172\"><style>@media screen and (min-width: 768px){.stk-801c172 {flex:var(--stk-flex-grow, 1) 1 calc(80% - var(--stk-column-gap, 0px) * 2 \/ 3 ) !important;}}<\/style><div class=\"stk-column-wrapper stk-block-column__content stk-container stk-801c172-container stk--no-background stk--no-padding\"><div class=\"stk-block-content stk-inner-blocks stk-801c172-inner-blocks\">\n<div class=\"wp-block-stackable-text stk-block-text stk-block stk-e7ffd18\" data-block-id=\"e7ffd18\"><style>.stk-e7ffd18 .stk-block-text__text{font-size:16px !important;}@media screen and (max-width: 1023px){.stk-e7ffd18 .stk-block-text__text{font-size:16px !important;}}<\/style><p class=\"stk-block-text__text has-text-align-center\">The Foundation has received contributions totaling TEN MILLION NINE HUNDRED FIFTY THOUSAND DOMINICAN PESOS (RD$10,950,000.00). At the end of the period concluded on December 31, 2025, of these contributions, the Foundation had allocated the sum of TWO MILLION EIGHT HUNDRED SEVENTY-SIX THOUSAND SEVEN HUNDRED FORTY-FIVE DOMINICAN PESOS (RD$2,876,745.14) to philanthropic activities, notably the \u201cSMILE WITH US\u201d campaign promoted by the Foundation, through which more than one hundred (100) underprivileged children received dental services and education on oral health care and hygiene.<\/p><\/div>\n<\/div><\/div><\/div>\n\n\n\n<div class=\"wp-block-stackable-column stk-block-column stk-column stk-block stk-f8fd18c\" data-v=\"4\" data-block-id=\"f8fd18c\"><style>@media screen and (min-width: 768px){.stk-f8fd18c {flex:var(--stk-flex-grow, 1) 1 calc(10% - var(--stk-column-gap, 0px) * 2 \/ 3 ) !important;}}<\/style><div class=\"stk-column-wrapper stk-block-column__content stk-container stk-f8fd18c-container stk--no-background stk--no-padding\"><div class=\"stk-block-content stk-inner-blocks stk-f8fd18c-inner-blocks\"><\/div><\/div><\/div>\n<\/div><\/div>\n","protected":false},"excerpt":{"rendered":"<p>FUNDACI\u00d3N ALBERTO Y LUCY ELMUFDI RNC: 4-30-35755-3, Ministerio P\u00fablico: 20605-19Domicilio: Avenida Luper\u00f3n No. 16, Zona Industrial de HerreraSanto Domingo Oeste, Rep\u00fablica Dominicana Our mission is to fund transformational change via education, to improve the standard of living for the most impoverished citizens in the communities we work in. Our primary focus areas are education and [&hellip;]<\/p>\n","protected":false},"author":2,"featured_media":0,"parent":0,"menu_order":0,"comment_status":"closed","ping_status":"closed","template":"","meta":{"footnotes":""},"blocksy_meta":[],"_links":{"self":[{"href":"https:\/\/www.ale.com.do\/index.php\/wp-json\/wp\/v2\/pages\/382"}],"collection":[{"href":"https:\/\/www.ale.com.do\/index.php\/wp-json\/wp\/v2\/pages"}],"about":[{"href":"https:\/\/www.ale.com.do\/index.php\/wp-json\/wp\/v2\/types\/page"}],"author":[{"embeddable":true,"href":"https:\/\/www.ale.com.do\/index.php\/wp-json\/wp\/v2\/users\/2"}],"replies":[{"embeddable":true,"href":"https:\/\/www.ale.com.do\/index.php\/wp-json\/wp\/v2\/comments?post=382"}],"version-history":[{"count":7,"href":"https:\/\/www.ale.com.do\/index.php\/wp-json\/wp\/v2\/pages\/382\/revisions"}],"predecessor-version":[{"id":406,"href":"https:\/\/www.ale.com.do\/index.php\/wp-json\/wp\/v2\/pages\/382\/revisions\/406"}],"wp:attachment":[{"href":"https:\/\/www.ale.com.do\/index.php\/wp-json\/wp\/v2\/media?parent=382"}],"curies":[{"name":"wp","href":"https:\/\/api.w.org\/{rel}","templated":true}]}}